{"id":231,"date":"2021-10-01T12:52:05","date_gmt":"2021-10-01T10:52:05","guid":{"rendered":"https:\/\/bf-oulchy.com\/?page_id=231"},"modified":"2024-02-04T10:41:17","modified_gmt":"2024-02-04T09:41:17","slug":"mentions-legales","status":"publish","type":"page","link":"https:\/\/bf-oulchy.com\/index.php\/mentions-legales\/","title":{"rendered":"Mentions l\u00e9gales"},"content":{"rendered":"\t\t<div data-elementor-type=\"wp-page\" data-elementor-id=\"231\" class=\"elementor elementor-231\">\n\t\t\t\t\t\t<section class=\"elementor-section elementor-top-section elementor-element elementor-element-f476ed0 elementor-section-boxed elementor-section-height-default elementor-section-height-default\" data-id=\"f476ed0\" data-element_type=\"section\" data-e-type=\"section\">\n\t\t\t\t\t\t<div class=\"elementor-container elementor-column-gap-default\">\n\t\t\t\t\t<div class=\"elementor-column elementor-col-100 elementor-top-column elementor-element elementor-element-67e2685\" data-id=\"67e2685\" data-element_type=\"column\" data-e-type=\"column\">\n\t\t\t<div class=\"elementor-widget-wrap elementor-element-populated\">\n\t\t\t\t\t\t<div class=\"elementor-element elementor-element-a5524e6 elementor-widget elementor-widget-text-editor\" data-id=\"a5524e6\" data-element_type=\"widget\" data-e-type=\"widget\" data-widget_type=\"text-editor.default\">\n\t\t\t\t<div class=\"elementor-widget-container\">\n\t\t\t\t\t\t\t\t\t<p><strong>1. Pr\u00e9sentation du site.<\/strong><\/p>\n<p>En vertu de l\u2019article 6 de la loi n\u00b0 2004-575 du 21 juin 2004 pour la confiance dans l\u2019\u00e9conomie num\u00e9rique, il est pr\u00e9cis\u00e9 aux utilisateurs du site&nbsp;<u>www.bf-oulchy.<\/u>com&nbsp;l\u2019identit\u00e9 des diff\u00e9rents intervenants dans le cadre de sa r\u00e9alisation et de son suivi :<\/p>\n<p>Propri\u00e9taire&nbsp;: Batterie-Fanfare d&rsquo;Oulchy-le-Ch\u00e2teau \u2013 Mairie \u2013 02210 Oulchy-le-Ch\u00e2teau<br>Cr\u00e9ateur&nbsp;: Batterie-Fanfare d&rsquo;Oulchy-le-Ch\u00e2teau<br>Responsable publication : BOUCHEZ Maurice \u2013 pr\u00e9sident de la Batterie-Fanfare d&rsquo;Oulchy-le-Ch\u00e2teau<br><\/p>\n<p>H\u00e9bergeur : OVH \u2013 si\u00e8ge social: 2 rue Kellermann \u2013 59100 Roubaix&nbsp;<\/p>\n<p><strong>2. Conditions g\u00e9n\u00e9rales d\u2019utilisation du site et des services propos\u00e9s.<\/strong><\/p>\n<p>L\u2019utilisation du site&nbsp;www.bf-oulchy.com&nbsp;implique l\u2019acceptation pleine et enti\u00e8re des conditions g\u00e9n\u00e9rales d\u2019utilisation ci-apr\u00e8s d\u00e9crites. Ces conditions d\u2019utilisation sont susceptibles d\u2019\u00eatre modifi\u00e9es ou compl\u00e9t\u00e9es \u00e0 tout moment, les utilisateurs du site&nbsp;www.bf-oulchy.com&nbsp;sont donc invit\u00e9s \u00e0 les consulter de mani\u00e8re r\u00e9guli\u00e8re.<\/p>\n<p>Ce site est normalement accessible \u00e0 tout moment aux utilisateurs. Une interruption pour raison de maintenance technique peut \u00eatre toutefois d\u00e9cid\u00e9e par la Batterie-Fanfare d&rsquo;Oulchy-le-Ch\u00e2teau, qui s\u2019efforcera alors de communiquer pr\u00e9alablement aux utilisateurs les dates et heures de l\u2019intervention.<\/p>\n<p>Le site&nbsp;www.bf-oulchy.com&nbsp;est mis \u00e0 jour r\u00e9guli\u00e8rement par les b\u00e9n\u00e9voles de la Batterie-Fanfare. De la m\u00eame fa\u00e7on, les mentions l\u00e9gales peuvent \u00eatre modifi\u00e9es \u00e0 tout moment : elles s\u2019imposent n\u00e9anmoins \u00e0 l\u2019utilisateur qui est invit\u00e9 \u00e0 s\u2019y r\u00e9f\u00e9rer le plus souvent possible afin d\u2019en prendre connaissance.&nbsp;<\/p>\n<p><strong>3. Description des services fournis.<\/strong><\/p>\n<p>Le site&nbsp;www.bf-oulchy.com&nbsp;a pour objet de fournir une information concernant l\u2019ensemble des activit\u00e9s de l\u2019association. La Batterie-Fanfare d&rsquo;Oulchy s\u2019efforce de fournir sur son site&nbsp;internet des informations aussi pr\u00e9cises que possible. Toutefois, il ne pourra \u00eatre tenue responsable des omissions, des inexactitudes et des carences dans la mise \u00e0 jour, qu\u2019elles soient de son fait ou du fait des tiers partenaires qui lui fournissent ces informations.<\/p>\n<p>Toutes&nbsp;les informations indiqu\u00e9es sur le site&nbsp;www.bf-oulchy.com&nbsp;sont donn\u00e9es \u00e0 titre indicatif, et sont susceptibles d\u2019\u00e9voluer. Par ailleurs, les renseignements figurant sur le site&nbsp;www.bf-oulchy.com&nbsp;ne sont pas exhaustifs. Ils sont donn\u00e9s sous r\u00e9serve de modifications ayant \u00e9t\u00e9 apport\u00e9es depuis leur mise en ligne.<\/p>\n<p><strong>4. Limites contractuelles sur les donn\u00e9es techniques.<\/strong><\/p>\n<p>Le site Internet ne pourra \u00eatre tenu responsable de dommages mat\u00e9riels li\u00e9s \u00e0 l\u2019utilisation du site. De plus, l\u2019utilisateur du site s\u2019engage \u00e0 acc\u00e9der au site en utilisant un mat\u00e9riel r\u00e9cent, ne contenant pas de virus et avec un navigateur de derni\u00e8re g\u00e9n\u00e9ration mis-\u00e0-jour.<\/p>\n<p><strong>5. Propri\u00e9t\u00e9 intellectuelle et contrefa\u00e7ons.<\/strong>&nbsp;<\/p>\n<p>La Batterie-Fanfare d&rsquo;Oulchy-le-Ch\u00e2teau est propri\u00e9taire des droits de propri\u00e9t\u00e9 intellectuelle ou d\u00e9tient les droits d\u2019usage sur tous les \u00e9l\u00e9ments accessibles sur le site, notamment les textes, images, graphismes, logos, ic\u00f4nes, etc.<\/p>\n<p>Toute reproduction, repr\u00e9sentation, modification, publication, adaptation de tout ou partie des \u00e9l\u00e9ments du site, quel que soit le moyen ou le proc\u00e9d\u00e9 utilis\u00e9, est interdite, sauf autorisation \u00e9crite pr\u00e9alable du Responsable publication.<\/p>\n<p>Toute exploitation non autoris\u00e9e du site ou de l\u2019un quelconque des \u00e9l\u00e9ments qu\u2019il contient sera consid\u00e9r\u00e9e comme constitutive d\u2019une contrefa\u00e7on et poursuivie conform\u00e9ment aux dispositions des articles L.335-2 et suivants du Code de Propri\u00e9t\u00e9 Intellectuelle.<\/p>\n<p><strong>6. Limites de responsabilit\u00e9.<\/strong><\/p>\n<p>Des espaces interactifs (possibilit\u00e9 de poser des questions dans l\u2019espace contact) sont \u00e0 la disposition des utilisateurs. La Batterie-Fanfare d&rsquo;Oulchy se r\u00e9serve le droit de supprimer, sans mise en demeure pr\u00e9alable, tout contenu d\u00e9pos\u00e9 dans cet espace qui contreviendrait \u00e0 la l\u00e9gislation applicable en France, en particulier aux dispositions relatives \u00e0 la protection des donn\u00e9es. Le cas \u00e9ch\u00e9ant, la Batterie-Fanfare se r\u00e9serve \u00e9galement la possibilit\u00e9 de mettre en cause la responsabilit\u00e9 civile et\/ou p\u00e9nale de l\u2019utilisateur, notamment en cas de message \u00e0 caract\u00e8re raciste, injurieux, diffamant, ou pornographique, quel que soit le support utilis\u00e9 (texte, photographie\u2026).<\/p>\n<p><strong>7. Gestion des donn\u00e9es personnelles.<\/strong>&nbsp;<\/p>\n<p>En France, les donn\u00e9es personnelles sont notamment prot\u00e9g\u00e9es par la loi n\u00b0 78-87 du 6 janvier 1978, la loi n\u00b0 2004-801 du 6 ao\u00fbt 2004, l\u2019article L. 226-13 du Code p\u00e9nal et la Directive Europ\u00e9enne du 24 octobre 1995.<\/p>\n<p>Aucune information personnelle de l\u2019utilisateur du site&nbsp;www.bf-oulchy.com&nbsp;n\u2019est publi\u00e9e, \u00e9chang\u00e9e, transf\u00e9r\u00e9e, c\u00e9d\u00e9e ou vendue sur un support quelconque \u00e0 des tiers \u00e0 l\u2019insu de l\u2019utilisateur.<\/p>\n<p>Le site n\u2019est pas d\u00e9clar\u00e9 \u00e0 la CNIL car il ne recueille pas d\u2019informations personnelles.<\/p>\n<p><strong>8. Liens hypertextes et cookies.<\/strong><\/p>\n<p>Le site&nbsp;www.bf-oulchy.com&nbsp;contient un certain nombre de liens hypertextes vers d\u2019autres sites, mis en place avec l\u2019autorisation de la Batterie-Fanfare. Cependant, la Batterie-Fanfare&nbsp;<span style=\"color: var( --e-global-color-text ); font-family: var( --e-global-typography-text-font-family ), Sans-serif; font-weight: var( --e-global-typography-text-font-weight ); background-color: transparent;\">n\u2019a pas la possibilit\u00e9 de v\u00e9rifier le contenu des sites ainsi visit\u00e9s, et n\u2019assumera en cons\u00e9quence aucune responsabilit\u00e9 de ce fait.<\/span><\/p>\n<p>La navigation sur le site internet de la Batterie-Fanfare d&rsquo;Oulchy-le-Ch\u00e2teau est susceptible de provoquer l\u2019installation de cookie(s) sur l\u2019ordinateur de l\u2019utilisateur. Les donn\u00e9es obtenues visent \u00e0 faciliter la navigation ult\u00e9rieure sur le site, et ont \u00e9galement vocation \u00e0 permettre diverses mesures de fr\u00e9quentation.<\/p>\n<p><strong>9. Droit applicable et attribution de juridiction.<\/strong>&nbsp;<\/p>\n<p>Tout litige en relation avec l\u2019utilisation du site&nbsp;www.bf-oulchy.com&nbsp;est soumis au droit fran\u00e7ais. Il est fait attribution exclusive de juridiction aux tribunaux comp\u00e9tents.<\/p>\n<p><strong>10. Les principales lois concern\u00e9es.<\/strong><\/p>\n<ul>\n<li>Loi n\u00b0 78-17 du 6 janvier 1978, notamment modifi\u00e9e par la loi n\u00b0 2004-801 du 6 ao\u00fbt 2004 relative \u00e0 l\u2019informatique, aux fichiers et aux libert\u00e9s.<\/li>\n<li>Loi n\u00b0 2004-575 du 21 juin 2004 pour la confiance dans l\u2019\u00e9conomie num\u00e9rique.<\/li>\n<\/ul>\t\t\t\t\t\t\t\t<\/div>\n\t\t\t\t<\/div>\n\t\t\t\t\t<\/div>\n\t\t<\/div>\n\t\t\t\t\t<\/div>\n\t\t<\/section>\n\t\t\t\t<\/div>\n\t\t","protected":false},"excerpt":{"rendered":"<p>1. Pr\u00e9sentation du site. En vertu de l\u2019article 6 de la loi n\u00b0 2004-575 du 21 juin 2004 pour la confiance dans l\u2019\u00e9conomie num\u00e9rique, il est pr\u00e9cis\u00e9 aux utilisateurs du site&nbsp;www.bf-oulchy.com&nbsp;l\u2019identit\u00e9 des diff\u00e9rents intervenants dans le cadre de sa r\u00e9alisation et de son suivi : Propri\u00e9taire&nbsp;: Batterie-Fanfare d&rsquo;Oulchy-le-Ch\u00e2teau \u2013 Mairie \u2013 02210 Oulchy-le-Ch\u00e2teauCr\u00e9ateur&nbsp;: Batterie-Fanfare d&rsquo;Oulchy-le-Ch\u00e2teauResponsable&hellip; <br \/> <a class=\"read-more\" href=\"https:\/\/bf-oulchy.com\/index.php\/mentions-legales\/\">Lire la suite<\/a><\/p>\n","protected":false},"author":1,"featured_media":0,"parent":0,"menu_order":0,"comment_status":"closed","ping_status":"closed","template":"","meta":{"footnotes":""},"class_list":["post-231","page","type-page","status-publish","hentry"],"yoast_head":"<!-- This site is optimized with the Yoast SEO plugin v27.4 - https:\/\/yoast.com\/product\/yoast-seo-wordpress\/ -->\n<title>Mentions l\u00e9gales &#8211; Batterie-Fanfare d&#039;Oulchy-le-Ch\u00e2teau<\/title>\n<meta name=\"robots\" content=\"index, follow, max-snippet:-1, max-image-preview:large, max-video-preview:-1\" \/>\n<link rel=\"canonical\" href=\"https:\/\/bf-oulchy.com\/index.php\/mentions-legales\/\" \/>\n<meta property=\"og:locale\" content=\"fr_FR\" \/>\n<meta property=\"og:type\" content=\"article\" \/>\n<meta property=\"og:title\" content=\"Mentions l\u00e9gales &#8211; Batterie-Fanfare d&#039;Oulchy-le-Ch\u00e2teau\" \/>\n<meta property=\"og:description\" content=\"1. Pr\u00e9sentation du site. En vertu de l\u2019article 6 de la loi n\u00b0 2004-575 du 21 juin 2004 pour la confiance dans l\u2019\u00e9conomie num\u00e9rique, il est pr\u00e9cis\u00e9 aux utilisateurs du site&nbsp;www.bf-oulchy.com&nbsp;l\u2019identit\u00e9 des diff\u00e9rents intervenants dans le cadre de sa r\u00e9alisation et de son suivi : Propri\u00e9taire&nbsp;: Batterie-Fanfare d&rsquo;Oulchy-le-Ch\u00e2teau \u2013 Mairie \u2013 02210 Oulchy-le-Ch\u00e2teauCr\u00e9ateur&nbsp;: Batterie-Fanfare d&rsquo;Oulchy-le-Ch\u00e2teauResponsable&hellip; Lire la suite\" \/>\n<meta property=\"og:url\" content=\"https:\/\/bf-oulchy.com\/index.php\/mentions-legales\/\" \/>\n<meta property=\"og:site_name\" content=\"Batterie-Fanfare d&#039;Oulchy-le-Ch\u00e2teau\" \/>\n<meta property=\"article:modified_time\" content=\"2024-02-04T09:41:17+00:00\" \/>\n<meta property=\"og:image\" content=\"https:\/\/bf-oulchy.com\/wp-content\/uploads\/2021\/06\/cropped-Oulchy@Asterix02-07-09-scaled-1.jpg\" \/>\n\t<meta property=\"og:image:width\" content=\"1920\" \/>\n\t<meta property=\"og:image:height\" content=\"587\" \/>\n\t<meta property=\"og:image:type\" content=\"image\/jpeg\" \/>\n<meta name=\"twitter:card\" content=\"summary_large_image\" \/>\n<meta name=\"twitter:label1\" content=\"Dur\u00e9e de lecture estim\u00e9e\" \/>\n\t<meta name=\"twitter:data1\" content=\"5 minutes\" \/>\n<script type=\"application\/ld+json\" class=\"yoast-schema-graph\">{\"@context\":\"https:\\\/\\\/schema.org\",\"@graph\":[{\"@type\":\"WebPage\",\"@id\":\"https:\\\/\\\/bf-oulchy.com\\\/index.php\\\/mentions-legales\\\/\",\"url\":\"https:\\\/\\\/bf-oulchy.com\\\/index.php\\\/mentions-legales\\\/\",\"name\":\"Mentions l\u00e9gales &#8211; Batterie-Fanfare d&#039;Oulchy-le-Ch\u00e2teau\",\"isPartOf\":{\"@id\":\"https:\\\/\\\/bf-oulchy.com\\\/#website\"},\"datePublished\":\"2021-10-01T10:52:05+00:00\",\"dateModified\":\"2024-02-04T09:41:17+00:00\",\"breadcrumb\":{\"@id\":\"https:\\\/\\\/bf-oulchy.com\\\/index.php\\\/mentions-legales\\\/#breadcrumb\"},\"inLanguage\":\"fr-FR\",\"potentialAction\":[{\"@type\":\"ReadAction\",\"target\":[\"https:\\\/\\\/bf-oulchy.com\\\/index.php\\\/mentions-legales\\\/\"]}]},{\"@type\":\"BreadcrumbList\",\"@id\":\"https:\\\/\\\/bf-oulchy.com\\\/index.php\\\/mentions-legales\\\/#breadcrumb\",\"itemListElement\":[{\"@type\":\"ListItem\",\"position\":1,\"name\":\"Accueil\",\"item\":\"https:\\\/\\\/bf-oulchy.com\\\/\"},{\"@type\":\"ListItem\",\"position\":2,\"name\":\"Mentions l\u00e9gales\"}]},{\"@type\":\"WebSite\",\"@id\":\"https:\\\/\\\/bf-oulchy.com\\\/#website\",\"url\":\"https:\\\/\\\/bf-oulchy.com\\\/\",\"name\":\"Batterie-Fanfare d'Oulchy-le-Ch\u00e2teau\",\"description\":\"\",\"publisher\":{\"@id\":\"https:\\\/\\\/bf-oulchy.com\\\/#organization\"},\"potentialAction\":[{\"@type\":\"SearchAction\",\"target\":{\"@type\":\"EntryPoint\",\"urlTemplate\":\"https:\\\/\\\/bf-oulchy.com\\\/?s={search_term_string}\"},\"query-input\":{\"@type\":\"PropertyValueSpecification\",\"valueRequired\":true,\"valueName\":\"search_term_string\"}}],\"inLanguage\":\"fr-FR\"},{\"@type\":\"Organization\",\"@id\":\"https:\\\/\\\/bf-oulchy.com\\\/#organization\",\"name\":\"Batterie-Fanfare d'Oulchy-le-Ch\u00e2teau\",\"alternateName\":\"BF Oulchy\",\"url\":\"https:\\\/\\\/bf-oulchy.com\\\/\",\"logo\":{\"@type\":\"ImageObject\",\"inLanguage\":\"fr-FR\",\"@id\":\"https:\\\/\\\/bf-oulchy.com\\\/#\\\/schema\\\/logo\\\/image\\\/\",\"url\":\"https:\\\/\\\/bf-oulchy.com\\\/wp-content\\\/uploads\\\/2022\\\/09\\\/logo22_modif-sans-fond-blanc.png\",\"contentUrl\":\"https:\\\/\\\/bf-oulchy.com\\\/wp-content\\\/uploads\\\/2022\\\/09\\\/logo22_modif-sans-fond-blanc.png\",\"width\":500,\"height\":500,\"caption\":\"Batterie-Fanfare d'Oulchy-le-Ch\u00e2teau\"},\"image\":{\"@id\":\"https:\\\/\\\/bf-oulchy.com\\\/#\\\/schema\\\/logo\\\/image\\\/\"}}]}<\/script>\n<!-- \/ Yoast SEO plugin. -->","yoast_head_json":{"title":"Mentions l\u00e9gales &#8211; Batterie-Fanfare d&#039;Oulchy-le-Ch\u00e2teau","robots":{"index":"index","follow":"follow","max-snippet":"max-snippet:-1","max-image-preview":"max-image-preview:large","max-video-preview":"max-video-preview:-1"},"canonical":"https:\/\/bf-oulchy.com\/index.php\/mentions-legales\/","og_locale":"fr_FR","og_type":"article","og_title":"Mentions l\u00e9gales &#8211; Batterie-Fanfare d&#039;Oulchy-le-Ch\u00e2teau","og_description":"1. Pr\u00e9sentation du site. En vertu de l\u2019article 6 de la loi n\u00b0 2004-575 du 21 juin 2004 pour la confiance dans l\u2019\u00e9conomie num\u00e9rique, il est pr\u00e9cis\u00e9 aux utilisateurs du site&nbsp;www.bf-oulchy.com&nbsp;l\u2019identit\u00e9 des diff\u00e9rents intervenants dans le cadre de sa r\u00e9alisation et de son suivi : Propri\u00e9taire&nbsp;: Batterie-Fanfare d&rsquo;Oulchy-le-Ch\u00e2teau \u2013 Mairie \u2013 02210 Oulchy-le-Ch\u00e2teauCr\u00e9ateur&nbsp;: Batterie-Fanfare d&rsquo;Oulchy-le-Ch\u00e2teauResponsable&hellip; Lire la suite","og_url":"https:\/\/bf-oulchy.com\/index.php\/mentions-legales\/","og_site_name":"Batterie-Fanfare d&#039;Oulchy-le-Ch\u00e2teau","article_modified_time":"2024-02-04T09:41:17+00:00","og_image":[{"width":1920,"height":587,"url":"https:\/\/bf-oulchy.com\/wp-content\/uploads\/2021\/06\/cropped-Oulchy@Asterix02-07-09-scaled-1.jpg","type":"image\/jpeg"}],"twitter_card":"summary_large_image","twitter_misc":{"Dur\u00e9e de lecture estim\u00e9e":"5 minutes"},"schema":{"@context":"https:\/\/schema.org","@graph":[{"@type":"WebPage","@id":"https:\/\/bf-oulchy.com\/index.php\/mentions-legales\/","url":"https:\/\/bf-oulchy.com\/index.php\/mentions-legales\/","name":"Mentions l\u00e9gales &#8211; Batterie-Fanfare d&#039;Oulchy-le-Ch\u00e2teau","isPartOf":{"@id":"https:\/\/bf-oulchy.com\/#website"},"datePublished":"2021-10-01T10:52:05+00:00","dateModified":"2024-02-04T09:41:17+00:00","breadcrumb":{"@id":"https:\/\/bf-oulchy.com\/index.php\/mentions-legales\/#breadcrumb"},"inLanguage":"fr-FR","potentialAction":[{"@type":"ReadAction","target":["https:\/\/bf-oulchy.com\/index.php\/mentions-legales\/"]}]},{"@type":"BreadcrumbList","@id":"https:\/\/bf-oulchy.com\/index.php\/mentions-legales\/#breadcrumb","itemListElement":[{"@type":"ListItem","position":1,"name":"Accueil","item":"https:\/\/bf-oulchy.com\/"},{"@type":"ListItem","position":2,"name":"Mentions l\u00e9gales"}]},{"@type":"WebSite","@id":"https:\/\/bf-oulchy.com\/#website","url":"https:\/\/bf-oulchy.com\/","name":"Batterie-Fanfare d'Oulchy-le-Ch\u00e2teau","description":"","publisher":{"@id":"https:\/\/bf-oulchy.com\/#organization"},"potentialAction":[{"@type":"SearchAction","target":{"@type":"EntryPoint","urlTemplate":"https:\/\/bf-oulchy.com\/?s={search_term_string}"},"query-input":{"@type":"PropertyValueSpecification","valueRequired":true,"valueName":"search_term_string"}}],"inLanguage":"fr-FR"},{"@type":"Organization","@id":"https:\/\/bf-oulchy.com\/#organization","name":"Batterie-Fanfare d'Oulchy-le-Ch\u00e2teau","alternateName":"BF Oulchy","url":"https:\/\/bf-oulchy.com\/","logo":{"@type":"ImageObject","inLanguage":"fr-FR","@id":"https:\/\/bf-oulchy.com\/#\/schema\/logo\/image\/","url":"https:\/\/bf-oulchy.com\/wp-content\/uploads\/2022\/09\/logo22_modif-sans-fond-blanc.png","contentUrl":"https:\/\/bf-oulchy.com\/wp-content\/uploads\/2022\/09\/logo22_modif-sans-fond-blanc.png","width":500,"height":500,"caption":"Batterie-Fanfare d'Oulchy-le-Ch\u00e2teau"},"image":{"@id":"https:\/\/bf-oulchy.com\/#\/schema\/logo\/image\/"}}]}},"_links":{"self":[{"href":"https:\/\/bf-oulchy.com\/index.php\/wp-json\/wp\/v2\/pages\/231","targetHints":{"allow":["GET"]}}],"collection":[{"href":"https:\/\/bf-oulchy.com\/index.php\/wp-json\/wp\/v2\/pages"}],"about":[{"href":"https:\/\/bf-oulchy.com\/index.php\/wp-json\/wp\/v2\/types\/page"}],"author":[{"embeddable":true,"href":"https:\/\/bf-oulchy.com\/index.php\/wp-json\/wp\/v2\/users\/1"}],"replies":[{"embeddable":true,"href":"https:\/\/bf-oulchy.com\/index.php\/wp-json\/wp\/v2\/comments?post=231"}],"version-history":[{"count":11,"href":"https:\/\/bf-oulchy.com\/index.php\/wp-json\/wp\/v2\/pages\/231\/revisions"}],"predecessor-version":[{"id":555,"href":"https:\/\/bf-oulchy.com\/index.php\/wp-json\/wp\/v2\/pages\/231\/revisions\/555"}],"wp:attachment":[{"href":"https:\/\/bf-oulchy.com\/index.php\/wp-json\/wp\/v2\/media?parent=231"}],"curies":[{"name":"wp","href":"https:\/\/api.w.org\/{rel}","templated":true}]}}